{"id":10709,"date":"2016-08-02T06:44:41","date_gmt":"2016-08-02T06:44:41","guid":{"rendered":"http:\/\/www.accent-social.cat\/aviso-legal\/mes-informacio-sobre-les-cookies\/"},"modified":"2017-11-17T08:43:37","modified_gmt":"2017-11-17T07:43:37","slug":"mas-informacion-sobre-las-cookies","status":"publish","type":"page","link":"https:\/\/www.accent-social.cat\/es\/aviso-legal\/mas-informacion-sobre-las-cookies\/","title":{"rendered":"M\u00e1s informaci\u00f3n sobre las cookies"},"content":{"rendered":"<h2>Qu\u00e9 es una cookie?<\/h2>\n<p>Una <em>cookie<\/em> es un fichero de texto <b>inofensivo<\/b> que se almacena en su navegador cuando visita casi cualquier p\u00e1gina web. La utilidad de la <em>cookie<\/em> es que la web sea capaz de recordar su visita cuando vuelva a navegar por esta p\u00e1gina. Aunque mucha gente no lo sabe las <em>cookies<\/em> se traen utilizando desde hace 20 a\u00f1os, cuando aparecieron los primeros navegadores por la World Wide Web.<\/p>\n<h2>Que NO ES una cookie?<\/h2>\n<p>No es un virus, ni un troyano, ni un gusano, ni spam, ni spyware, ni abre ventanas pop-up.<\/p>\n<h2>Qu\u00e9 informaci\u00f3n almacena una <em>cookie<\/em>?<\/h2>\n<p>Las <em>cookies<\/em> no suelen almacenar informaci\u00f3n sensible sobre usted, como tarjetas de cr\u00e9dito o datos bancarios, fotograf\u00edas, su DNI o informaci\u00f3n personal, etc. Los datos que guardan son de car\u00e1cter t\u00e9cnico, preferencias personales, personalizaci\u00f3n de contenidos, etc.<\/p>\n<p>El servidor web no le asocia a usted como persona si no a su navegador web. De hecho, si usted navega habitualmente con Internet Explorer y prueba a navegar por la misma web con Firefox o Chrome ver\u00e1 que la web no se da cuenta que es usted la misma persona porque en realidad est\u00e1 asociando al navegador, no a la persona.<\/p>\n<h2>Qu\u00e9 tipo de cookies existen?<\/h2>\n<ul>\n<li><em>Cookies<\/em> t\u00e9cnicas: Son las m\u00e1s elementales y permiten, entre otras cosas, saber cuando est\u00e1 navegando un humano o una aplicaci\u00f3n automatizada, cuando navega un usuario an\u00f3nimo y un registrado, tareas b\u00e1sicas para el funcionamiento de cualquier web din\u00e1mica.<\/li>\n<li><em>Cookies<\/em> de an\u00e1lisis: Recogen informaci\u00f3n sobre el tipo de navegaci\u00f3n que est\u00e1 realizando, las secciones que m\u00e1s utiliza, productos consultados, franja horaria de uso, idioma, etc.<\/li>\n<li><em>Cookies<\/em> publicitarias: Muestran publicidad en funci\u00f3n de su navegaci\u00f3n, su pa\u00eds de procedencia, idioma, etc.<\/li>\n<\/ul>\n<h2>Qu\u00e9 son las <em>cookies<\/em> propias y las de terceros?<\/h2>\n<p>Las <em>cookies propias<\/em> son las generadas por la p\u00e1gina que est\u00e1 visitando y las <em>de terceros<\/em> son las generadas por servicios o proveedores externos como Facebook, Twitter, Google, etc.<\/p>\n<h2>Qu\u00e9 ocurre si desactivo las <em>cookies<\/em>?<\/h2>\n<p>Porque entienda el alcance que puede tener desactivar las <em>cookies<\/em> le mostramos unos ejemplos:<\/p>\n<ul>\n<li>No podr\u00e1 compartir contenidos de esta web en Facebook, Twitter o cualquier otra red social.<\/li>\n<li>El sitio web no podr\u00e1 adaptar los contenidos a sus preferencias personales, como suele ocurrir en las tiendas online.<\/li>\n<li>No podr\u00e1 acceder en el \u00e1rea personal de esta web, como por ejemplo <em>Mi cuenta<\/em>, o Mi <em>perfil<\/em> o Mis <em>pedidos<\/em>.<\/li>\n<li>Tiendas online: Le ser\u00e1 imposible realizar compras online, tendr\u00e1n que ser telef\u00f3nicas o visitando la tienda f\u00edsica si es que dispone de ella.<\/li>\n<li>No ser\u00e1 posible personalizar sus preferencias geogr\u00e1ficas como franja horaria, divisa o idioma.<\/li>\n<li>El sitio web no podr\u00e1 realizar anal\u00edticas web sobre visitantes y tr\u00e1fico en la web, lo cual dificultar\u00e1 que la web sea competitiva.<\/li>\n<li>No podr\u00e1 escribir en el blog, no podr\u00e1 subir fotos, publicar comentarios, valorar o puntuar contenidos. La web tampoco podr\u00e1 saber si usted es un humano o una aplicaci\u00f3n automatizada que publica <em>spam<\/em>.<\/li>\n<li>No se podr\u00e1 mostrar publicidad sectorizada, lo cual reducir\u00e1 los ingresos publicitarios de la web.<\/li>\n<li>Todas las redes sociales usan <em>cookies<\/em>, si las desactiva no podr\u00e1 utilizar ninguna red social.<\/li>\n<\/ul>\n<h2>Se pueden eliminar las <em>cookies<\/em>?<\/h2>\n<p>S\u00ed. No s\u00f3lo eliminar, tambi\u00e9n bloquear, de forma general o particular para un dominio espec\u00edfico.<\/p>\n<p>Para eliminar las <em>cookies<\/em> de un sitio web tiene que ir a la configuraci\u00f3n de su navegador y all\u00ed podr\u00e1 buscar las asociadas en el dominio en cuesti\u00f3n y proceder a su eliminaci\u00f3n.<\/p>\n<h2 id=\"navegadores\">Configuraci\u00f3n de cookies para los navegadores m\u00e1s polulares<\/h2>\n<p>A continuaci\u00f3n le indicamos como acceder a una <em>cookie<\/em> determinada del navegador <b>Chrome<\/b>. Nota: estos pasos pueden variar en funci\u00f3n de la versi\u00f3n del navegador:<\/p>\n<ol>\n<li>Vaya a Configuraci\u00f3n o Preferencias mediante el men\u00fa Archivo o bien pinchando el icono de personalizaci\u00f3n que aparece arriba a la derecha.<\/li>\n<li>Ver\u00e1 diferentes secciones, pinche la opci\u00f3n <em>Mostrar opciones avanzadas<\/em>.<\/li>\n<li>Vaya <em>a Privacidad<\/em>, <em>Configuraci\u00f3n de contenido<\/em>.<\/li>\n<li>Seleccione <em>Todas las cookies y los datos de lugares<\/em>.<\/li>\n<li>Aparecer\u00e1 un listado con <em>todas las cookies<\/em> ordenadas por dominio. Porque le sea m\u00e1s f\u00e1cil encontrar las <em>cookies<\/em> de un determinado dominio introduzca parcial o totalmente la direcci\u00f3n en el campo <em>Buscar cookies<\/em>.<\/li>\n<li>Despu\u00e9s de realizar este filtro aparecer\u00e1n en pantalla una o varias l\u00edneas con <em>las cookies<\/em> de la web solicitada. Ahora s\u00f3lo tiene que seleccionarla y pulsar la X para proceder a su eliminaci\u00f3n.<\/li>\n<\/ol>\n<p>Para acceder a la configuraci\u00f3n de cookies del navegador <b>Internet Explorer<\/b> siga estos pasos (pueden variar en funci\u00f3n de la versi\u00f3n del navegador):<\/p>\n<ol>\n<li>Vaya <em>a Herramientas<\/em>, <em>Opciones de Internet<\/em><\/li>\n<li>Haga clic en <em>Privacidad<\/em>.<\/li>\n<li>Mueva el deslizador hasta ajustar el nivel de privacidad que desee.<\/li>\n<\/ol>\n<p>Para acceder a la configuraci\u00f3n de cookies del navegador <b>Firefox<\/b> siga estos pasos (pueden variar en funci\u00f3n de la versi\u00f3n del navegador):<\/p>\n<ol>\n<li>Vaya <em>a Opciones<\/em> o Preferencias seg\u00fan su sistema operativo.<\/li>\n<li>Haga clic en <em>Privacidad<\/em>.<\/li>\n<li>En <em>Historial<\/em> elija <em>Usar una configuraci\u00f3n personalizada para el historial<\/em>.<\/li>\n<li>Ahora ver\u00e1 la opci\u00f3n <em>Aceptar cookies<\/em>, puede activarla o desactivarla seg\u00fan sus preferencias.<\/li>\n<\/ol>\n<p>Para acceder a la configuraci\u00f3n de cookies del navegador <b>Safari por OSX<\/b> siga estos pasos (pueden variar en funci\u00f3n de la versi\u00f3n del navegador):<\/p>\n<ol>\n<li>Vaya <em>a Preferencias<\/em>, despu\u00e9s <em>Privacidad<\/em>.<\/li>\n<li>En este lugar ver\u00e1 la opci\u00f3n <em>Bloquear cookies<\/em> porque ajuste el tipo de bloqueo que desea realizar.<\/li>\n<\/ol>\n<p>Para acceder a la configuraci\u00f3n de cookies del navegador <b>Safari por iOS<\/b> siga estos pasos (pueden variar en funci\u00f3n de la versi\u00f3n del navegador):<\/p>\n<ol>\n<li>Vaya <em>a Ajustes<\/em>, despu\u00e9s <em>Safari<\/em>.<\/li>\n<li>Vaya <em>a Privacidad y Seguridad<\/em>, ver\u00e1 la opci\u00f3n <em>Bloquear cookies<\/em> porque ajuste el tipo de bloqueo que desea realizar.<\/li>\n<\/ol>\n<p>Para acceder a la configuraci\u00f3n de cookies del navegador para dispositivos <b>Android<\/b> siga estos pasos (pueden variar en funci\u00f3n de la versi\u00f3n del navegador):<\/p>\n<ol>\n<li>Ejecute el navegador y premio la tecla <em>Men\u00fa<\/em>, despu\u00e9s <em>Ajustes<\/em>.<\/li>\n<li>Vaya <em>a Seguridad y Privacidad<\/em>, ver\u00e1 la opci\u00f3n <em>Aceptar cookies<\/em> porque active o desactive la casilla.<\/li>\n<\/ol>\n<p>Para acceder a la configuraci\u00f3n de cookies del navegador para dispositivos <b>Windows Phone<\/b> siga estos pasos (pueden variar en funci\u00f3n de la versi\u00f3n del navegador):<\/p>\n<ol>\n<li>Abre <em>Internet Explorer<\/em>, despu\u00e9s <em>M\u00e1s<\/em>, despu\u00e9s <em>Configuraci\u00f3n<\/em><\/li>\n<li>Ahora puede activar o desactivar la casilla <em>Permitir cookies<\/em>.<\/li>\n<\/ol>\n<p>Asesor de Cookies es un <a href=\"http:\/\/wordpress.org\/plugins\/asesor-cookies-para-la-ley-en-espana\/\" target=\"_blank\" rel=\"noopener\">plugin para WordPress<\/a> creado por Carlos Doral (<a href=\"http:\/\/webartesanal.com\" target=\"_blank\" rel=\"noopener\">webartesanal.com<\/a>)<\/p>\n","protected":false},"excerpt":{"rendered":"<p>Qu\u00e9 es una cookie? Una cookie es un fichero de texto inofensivo que se almacena en su navegador cuando visita casi cualquier p\u00e1gina web. La utilidad<span class=\"excerpt-hellip\"> [\u2026]<\/span><\/p>\n","protected":false},"author":1,"featured_media":0,"parent":10697,"menu_order":0,"comment_status":"closed","ping_status":"closed","template":"","meta":{"footnotes":""},"class_list":["post-10709","page","type-page","status-publish","hentry"],"yoast_head":"<!-- This site is optimized with the Yoast SEO plugin v27.5 - https:\/\/yoast.com\/product\/yoast-seo-wordpress\/ -->\n<title>M\u00e1s informaci\u00f3n sobre las cookies | Accent Social | Serveis d&#039;Atenci\u00f3 Domicili\u00e0ria i centres per gent gran<\/title>\n<meta name=\"robots\" content=\"index, follow, max-snippet:-1, max-image-preview:large, max-video-preview:-1\" \/>\n<link rel=\"canonical\" href=\"https:\/\/www.accent-social.cat\/es\/aviso-legal\/mas-informacion-sobre-las-cookies\/\" \/>\n<meta property=\"og:locale\" content=\"es_ES\" \/>\n<meta property=\"og:type\" content=\"article\" \/>\n<meta property=\"og:title\" content=\"M\u00e1s informaci\u00f3n sobre las cookies | Accent Social | Serveis d&#039;Atenci\u00f3 Domicili\u00e0ria i centres per gent gran\" \/>\n<meta property=\"og:description\" content=\"Qu\u00e9 es una cookie? Una cookie es un fichero de texto inofensivo que se almacena en su navegador cuando visita casi cualquier p\u00e1gina web. La utilidad [\u2026]\" \/>\n<meta property=\"og:url\" content=\"https:\/\/www.accent-social.cat\/es\/aviso-legal\/mas-informacion-sobre-las-cookies\/\" \/>\n<meta property=\"og:site_name\" content=\"Accent Social | Serveis d&#039;Atenci\u00f3 Domicili\u00e0ria i centres per gent gran\" \/>\n<meta property=\"article:publisher\" content=\"https:\/\/www.facebook.com\/accentsocial\" \/>\n<meta property=\"article:modified_time\" content=\"2017-11-17T07:43:37+00:00\" \/>\n<meta name=\"twitter:card\" content=\"summary_large_image\" \/>\n<meta name=\"twitter:site\" content=\"@accentsocial_\" \/>\n<meta name=\"twitter:label1\" content=\"Tiempo de lectura\" \/>\n\t<meta name=\"twitter:data1\" content=\"6 minutos\" \/>\n<script type=\"application\/ld+json\" class=\"yoast-schema-graph\">{\"@context\":\"https:\\\/\\\/schema.org\",\"@graph\":[{\"@type\":\"WebPage\",\"@id\":\"https:\\\/\\\/www.accent-social.cat\\\/es\\\/aviso-legal\\\/mas-informacion-sobre-las-cookies\\\/\",\"url\":\"https:\\\/\\\/www.accent-social.cat\\\/es\\\/aviso-legal\\\/mas-informacion-sobre-las-cookies\\\/\",\"name\":\"M\u00e1s informaci\u00f3n sobre las cookies | Accent Social | Serveis d&#039;Atenci\u00f3 Domicili\u00e0ria i centres per gent gran\",\"isPartOf\":{\"@id\":\"https:\\\/\\\/www.accent-social.cat\\\/#website\"},\"datePublished\":\"2016-08-02T06:44:41+00:00\",\"dateModified\":\"2017-11-17T07:43:37+00:00\",\"breadcrumb\":{\"@id\":\"https:\\\/\\\/www.accent-social.cat\\\/es\\\/aviso-legal\\\/mas-informacion-sobre-las-cookies\\\/#breadcrumb\"},\"inLanguage\":\"es\",\"potentialAction\":[{\"@type\":\"ReadAction\",\"target\":[\"https:\\\/\\\/www.accent-social.cat\\\/es\\\/aviso-legal\\\/mas-informacion-sobre-las-cookies\\\/\"]}]},{\"@type\":\"BreadcrumbList\",\"@id\":\"https:\\\/\\\/www.accent-social.cat\\\/es\\\/aviso-legal\\\/mas-informacion-sobre-las-cookies\\\/#breadcrumb\",\"itemListElement\":[{\"@type\":\"ListItem\",\"position\":1,\"name\":\"Inici\",\"item\":\"https:\\\/\\\/www.accent-social.cat\\\/es\\\/\"},{\"@type\":\"ListItem\",\"position\":2,\"name\":\"Aviso Legal\",\"item\":\"https:\\\/\\\/www.accent-social.cat\\\/es\\\/aviso-legal\\\/\"},{\"@type\":\"ListItem\",\"position\":3,\"name\":\"M\u00e1s informaci\u00f3n sobre las cookies\"}]},{\"@type\":\"WebSite\",\"@id\":\"https:\\\/\\\/www.accent-social.cat\\\/#website\",\"url\":\"https:\\\/\\\/www.accent-social.cat\\\/\",\"name\":\"Accent Social | Serveis d'Atenci\u00f3 Domicili\u00e0ria (SAD) i centres col\u00b7lectius\",\"description\":\"Serveis d&#039;Atenci\u00f3 Domicili\u00e0ria i centres de dia a Barcelona. Gesti\u00f3 de serveis socials i per a la gent gran.\",\"publisher\":{\"@id\":\"https:\\\/\\\/www.accent-social.cat\\\/#organization\"},\"potentialAction\":[{\"@type\":\"SearchAction\",\"target\":{\"@type\":\"EntryPoint\",\"urlTemplate\":\"https:\\\/\\\/www.accent-social.cat\\\/?s={search_term_string}\"},\"query-input\":{\"@type\":\"PropertyValueSpecification\",\"valueRequired\":true,\"valueName\":\"search_term_string\"}}],\"inLanguage\":\"es\"},{\"@type\":\"Organization\",\"@id\":\"https:\\\/\\\/www.accent-social.cat\\\/#organization\",\"name\":\"Accent Social\",\"url\":\"https:\\\/\\\/www.accent-social.cat\\\/\",\"logo\":{\"@type\":\"ImageObject\",\"inLanguage\":\"es\",\"@id\":\"https:\\\/\\\/www.accent-social.cat\\\/#\\\/schema\\\/logo\\\/image\\\/\",\"url\":\"https:\\\/\\\/www.accent-social.cat\\\/wp-content\\\/uploads\\\/2017\\\/09\\\/Logo-Accent-Social.jpg\",\"contentUrl\":\"https:\\\/\\\/www.accent-social.cat\\\/wp-content\\\/uploads\\\/2017\\\/09\\\/Logo-Accent-Social.jpg\",\"width\":512,\"height\":512,\"caption\":\"Accent Social\"},\"image\":{\"@id\":\"https:\\\/\\\/www.accent-social.cat\\\/#\\\/schema\\\/logo\\\/image\\\/\"},\"sameAs\":[\"https:\\\/\\\/www.facebook.com\\\/accentsocial\",\"https:\\\/\\\/x.com\\\/accentsocial_\",\"http:\\\/\\\/www.instagram.com\\\/accentsocial\",\"https:\\\/\\\/www.linkedin.com\\\/company\\\/accent-social\\\/\",\"https:\\\/\\\/www.crunchbase.com\\\/organization\\\/accent-social\",\"https:\\\/\\\/www.hotfrog.es\\\/empresa\\\/barcelona\\\/barcelona\\\/accent-social\",\"https:\\\/\\\/www.youtube.com\\\/channel\\\/UCBRsmX50gP0nPuAb5rPfr2g\"]}]}<\/script>\n<!-- \/ Yoast SEO plugin. -->","yoast_head_json":{"title":"M\u00e1s informaci\u00f3n sobre las cookies | Accent Social | Serveis d&#039;Atenci\u00f3 Domicili\u00e0ria i centres per gent gran","robots":{"index":"index","follow":"follow","max-snippet":"max-snippet:-1","max-image-preview":"max-image-preview:large","max-video-preview":"max-video-preview:-1"},"canonical":"https:\/\/www.accent-social.cat\/es\/aviso-legal\/mas-informacion-sobre-las-cookies\/","og_locale":"es_ES","og_type":"article","og_title":"M\u00e1s informaci\u00f3n sobre las cookies | Accent Social | Serveis d&#039;Atenci\u00f3 Domicili\u00e0ria i centres per gent gran","og_description":"Qu\u00e9 es una cookie? Una cookie es un fichero de texto inofensivo que se almacena en su navegador cuando visita casi cualquier p\u00e1gina web. La utilidad [\u2026]","og_url":"https:\/\/www.accent-social.cat\/es\/aviso-legal\/mas-informacion-sobre-las-cookies\/","og_site_name":"Accent Social | Serveis d&#039;Atenci\u00f3 Domicili\u00e0ria i centres per gent gran","article_publisher":"https:\/\/www.facebook.com\/accentsocial","article_modified_time":"2017-11-17T07:43:37+00:00","twitter_card":"summary_large_image","twitter_site":"@accentsocial_","twitter_misc":{"Tiempo de lectura":"6 minutos"},"schema":{"@context":"https:\/\/schema.org","@graph":[{"@type":"WebPage","@id":"https:\/\/www.accent-social.cat\/es\/aviso-legal\/mas-informacion-sobre-las-cookies\/","url":"https:\/\/www.accent-social.cat\/es\/aviso-legal\/mas-informacion-sobre-las-cookies\/","name":"M\u00e1s informaci\u00f3n sobre las cookies | Accent Social | Serveis d&#039;Atenci\u00f3 Domicili\u00e0ria i centres per gent gran","isPartOf":{"@id":"https:\/\/www.accent-social.cat\/#website"},"datePublished":"2016-08-02T06:44:41+00:00","dateModified":"2017-11-17T07:43:37+00:00","breadcrumb":{"@id":"https:\/\/www.accent-social.cat\/es\/aviso-legal\/mas-informacion-sobre-las-cookies\/#breadcrumb"},"inLanguage":"es","potentialAction":[{"@type":"ReadAction","target":["https:\/\/www.accent-social.cat\/es\/aviso-legal\/mas-informacion-sobre-las-cookies\/"]}]},{"@type":"BreadcrumbList","@id":"https:\/\/www.accent-social.cat\/es\/aviso-legal\/mas-informacion-sobre-las-cookies\/#breadcrumb","itemListElement":[{"@type":"ListItem","position":1,"name":"Inici","item":"https:\/\/www.accent-social.cat\/es\/"},{"@type":"ListItem","position":2,"name":"Aviso Legal","item":"https:\/\/www.accent-social.cat\/es\/aviso-legal\/"},{"@type":"ListItem","position":3,"name":"M\u00e1s informaci\u00f3n sobre las cookies"}]},{"@type":"WebSite","@id":"https:\/\/www.accent-social.cat\/#website","url":"https:\/\/www.accent-social.cat\/","name":"Accent Social | Serveis d'Atenci\u00f3 Domicili\u00e0ria (SAD) i centres col\u00b7lectius","description":"Serveis d&#039;Atenci\u00f3 Domicili\u00e0ria i centres de dia a Barcelona. Gesti\u00f3 de serveis socials i per a la gent gran.","publisher":{"@id":"https:\/\/www.accent-social.cat\/#organization"},"potentialAction":[{"@type":"SearchAction","target":{"@type":"EntryPoint","urlTemplate":"https:\/\/www.accent-social.cat\/?s={search_term_string}"},"query-input":{"@type":"PropertyValueSpecification","valueRequired":true,"valueName":"search_term_string"}}],"inLanguage":"es"},{"@type":"Organization","@id":"https:\/\/www.accent-social.cat\/#organization","name":"Accent Social","url":"https:\/\/www.accent-social.cat\/","logo":{"@type":"ImageObject","inLanguage":"es","@id":"https:\/\/www.accent-social.cat\/#\/schema\/logo\/image\/","url":"https:\/\/www.accent-social.cat\/wp-content\/uploads\/2017\/09\/Logo-Accent-Social.jpg","contentUrl":"https:\/\/www.accent-social.cat\/wp-content\/uploads\/2017\/09\/Logo-Accent-Social.jpg","width":512,"height":512,"caption":"Accent Social"},"image":{"@id":"https:\/\/www.accent-social.cat\/#\/schema\/logo\/image\/"},"sameAs":["https:\/\/www.facebook.com\/accentsocial","https:\/\/x.com\/accentsocial_","http:\/\/www.instagram.com\/accentsocial","https:\/\/www.linkedin.com\/company\/accent-social\/","https:\/\/www.crunchbase.com\/organization\/accent-social","https:\/\/www.hotfrog.es\/empresa\/barcelona\/barcelona\/accent-social","https:\/\/www.youtube.com\/channel\/UCBRsmX50gP0nPuAb5rPfr2g"]}]}},"_links":{"self":[{"href":"https:\/\/www.accent-social.cat\/es\/wp-json\/wp\/v2\/pages\/10709","targetHints":{"allow":["GET"]}}],"collection":[{"href":"https:\/\/www.accent-social.cat\/es\/wp-json\/wp\/v2\/pages"}],"about":[{"href":"https:\/\/www.accent-social.cat\/es\/wp-json\/wp\/v2\/types\/page"}],"author":[{"embeddable":true,"href":"https:\/\/www.accent-social.cat\/es\/wp-json\/wp\/v2\/users\/1"}],"replies":[{"embeddable":true,"href":"https:\/\/www.accent-social.cat\/es\/wp-json\/wp\/v2\/comments?post=10709"}],"version-history":[{"count":3,"href":"https:\/\/www.accent-social.cat\/es\/wp-json\/wp\/v2\/pages\/10709\/revisions"}],"predecessor-version":[{"id":10723,"href":"https:\/\/www.accent-social.cat\/es\/wp-json\/wp\/v2\/pages\/10709\/revisions\/10723"}],"up":[{"embeddable":true,"href":"https:\/\/www.accent-social.cat\/es\/wp-json\/wp\/v2\/pages\/10697"}],"wp:attachment":[{"href":"https:\/\/www.accent-social.cat\/es\/wp-json\/wp\/v2\/media?parent=10709"}],"curies":[{"name":"wp","href":"https:\/\/api.w.org\/{rel}","templated":true}]}}